{"id":94,"date":"2024-04-07T11:49:30","date_gmt":"2024-04-07T10:49:30","guid":{"rendered":"https:\/\/noeken.de\/?page_id=94"},"modified":"2024-04-07T11:49:30","modified_gmt":"2024-04-07T10:49:30","slug":"ueber-mich","status":"publish","type":"page","link":"https:\/\/noeken.de\/index.php\/ueber-mich\/","title":{"rendered":"\u00dcber mich"},"content":{"rendered":"\n<p>Ich bin Stefan, 30 Jahre jung und Musik spielte in meinem Leben schon immer eine gro\u00dfe Rolle.<br>Bereits als S\u00e4ugling habe ich Mikrofone vollgesabbert, hatte Kopfh\u00f6rer auf und habe bereits Pop- und Rockmusik geh\u00f6rt, w\u00e4hrend die anderen noch bei Benjamin Bl\u00fcmchen und co. waren.<br>Als ich 12 Jahre alt war, machte ich erstmalig Musik und Moderation f\u00fcr ein kleines Internetradio mit durchschnittlich 20-30 H\u00f6rern. Sp\u00e4ter wechselte ich mit der gewonnen Erfahrung zu einem gr\u00f6\u00dferen Sender.<\/p>\n\n\n\n<p>Noch mit 17 fing ich als Lightjockey in einer Discothek im Kreis Heinsberg an. Ich machte das &#8222;Vorprogramm&#8220; f\u00fcr die erfahreneren DJs und sammelte so selbst meine ersten eigenen Live-Erfahrungen. Nachdem ich dann einige Monate auch als DJ im einer Diskothek gearbeitet hatte, machte ich mich als DJ selbstst\u00e4ndig. Dabei nahm ich Auftr\u00e4ge von Veranstaltern und Privatkunden an, was ich bis heute so fortsetze. Meine erste Hochzeit die ich begleiten durfte war im Jahr 2011 &#8211; an diese erinnere ich mich bis heute sehr gut. Das pr\u00e4gte mich, und bis heute begleite ich sehr gern den sch\u00f6nsten Tag eines Brautpaares.<\/p>\n\n\n\n<p>Es macht mir Spa\u00df, neue Leute kennenzulernen und die G\u00e4ste zum tanzen zu bringen. Wenn du mich fragen w\u00fcrdest, wann eine Party f\u00fcr mich gut ist, oder welche Musik ich gern h\u00f6re: Dann wenn die Leute tanzen &amp; die Musik zu der die Leute tanzen. Wenn die G\u00e4ste der Party Spa\u00df haben und feiern, ist es f\u00fcr mich die gr\u00f6\u00dfte Wertsch\u00e4tzung, die ich bekommen kann.<\/p>\n\n\n\n<figure class=\"wp-block-gallery has-nested-images columns-default is-cropped wp-block-gallery-1 is-layout-flex wp-block-gallery-is-layout-flex\">\n<figure class=\"wp-block-image size-large\"><img loading=\"lazy\" decoding=\"async\" width=\"1024\" height=\"683\" data-id=\"90\" src=\"https:\/\/noeken.de\/wp-content\/uploads\/2024\/04\/11-134-web.JPG_compressed-1024x683.jpeg\" alt=\"\" class=\"wp-image-90\" srcset=\"https:\/\/noeken.de\/wp-content\/uploads\/2024\/04\/11-134-web.JPG_compressed-1024x683.jpeg 1024w, https:\/\/noeken.de\/wp-content\/uploads\/2024\/04\/11-134-web.JPG_compressed-300x200.jpeg 300w, https:\/\/noeken.de\/wp-content\/uploads\/2024\/04\/11-134-web.JPG_compressed-768x512.jpeg 768w, https:\/\/noeken.de\/wp-content\/uploads\/2024\/04\/11-134-web.JPG_compressed-1536x1025.jpeg 1536w, https:\/\/noeken.de\/wp-content\/uploads\/2024\/04\/11-134-web.JPG_compressed.jpeg 1920w\" sizes=\"auto, (max-width: 1024px) 100vw, 1024px\" \/><figcaption class=\"wp-element-caption\">Hochzeit<\/figcaption><\/figure>\n\n\n\n<figure class=\"wp-block-image size-large\"><img loading=\"lazy\" decoding=\"async\" width=\"768\" height=\"1024\" data-id=\"89\" src=\"https:\/\/noeken.de\/wp-content\/uploads\/2024\/04\/39876.jpg_compressed-768x1024.jpeg\" alt=\"\" class=\"wp-image-89\" srcset=\"https:\/\/noeken.de\/wp-content\/uploads\/2024\/04\/39876.jpg_compressed-768x1024.jpeg 768w, https:\/\/noeken.de\/wp-content\/uploads\/2024\/04\/39876.jpg_compressed-225x300.jpeg 225w, https:\/\/noeken.de\/wp-content\/uploads\/2024\/04\/39876.jpg_compressed-1152x1536.jpeg 1152w, https:\/\/noeken.de\/wp-content\/uploads\/2024\/04\/39876.jpg_compressed.jpeg 1280w\" sizes=\"auto, (max-width: 768px) 100vw, 768px\" \/><figcaption class=\"wp-element-caption\">Discothek<\/figcaption><\/figure>\n\n\n\n<figure class=\"wp-block-image size-large\"><img loading=\"lazy\" decoding=\"async\" width=\"687\" height=\"954\" data-id=\"57\" src=\"https:\/\/noeken.de\/wp-content\/uploads\/2023\/06\/tI9JaDJARr-y0CpWFWi9Gw.jpeg\" alt=\"\" class=\"wp-image-57\" srcset=\"https:\/\/noeken.de\/wp-content\/uploads\/2023\/06\/tI9JaDJARr-y0CpWFWi9Gw.jpeg 687w, https:\/\/noeken.de\/wp-content\/uploads\/2023\/06\/tI9JaDJARr-y0CpWFWi9Gw-216x300.jpeg 216w\" sizes=\"auto, (max-width: 687px) 100vw, 687px\" \/><figcaption class=\"wp-element-caption\">Festival<\/figcaption><\/figure>\n\n\n\n<figure class=\"wp-block-image size-large\"><img loading=\"lazy\" decoding=\"async\" width=\"683\" height=\"1024\" data-id=\"95\" src=\"https:\/\/noeken.de\/wp-content\/uploads\/2024\/04\/IMG_2068.JPG_compressed-683x1024.jpeg\" alt=\"\" class=\"wp-image-95\" srcset=\"https:\/\/noeken.de\/wp-content\/uploads\/2024\/04\/IMG_2068.JPG_compressed-683x1024.jpeg 683w, https:\/\/noeken.de\/wp-content\/uploads\/2024\/04\/IMG_2068.JPG_compressed-200x300.jpeg 200w, https:\/\/noeken.de\/wp-content\/uploads\/2024\/04\/IMG_2068.JPG_compressed-768x1151.jpeg 768w, https:\/\/noeken.de\/wp-content\/uploads\/2024\/04\/IMG_2068.JPG_compressed-1025x1536.jpeg 1025w, https:\/\/noeken.de\/wp-content\/uploads\/2024\/04\/IMG_2068.JPG_compressed.jpeg 1281w\" sizes=\"auto, (max-width: 683px) 100vw, 683px\" \/><figcaption class=\"wp-element-caption\">Hochzeit<\/figcaption><\/figure>\n<\/figure>\n","protected":false},"excerpt":{"rendered":"<p>Ich bin Stefan, 30 Jahre jung und Musik spielte in meinem Leben schon immer eine gro\u00dfe Rolle.Bereits als S\u00e4ugling habe ich Mikrofone vollgesabbert, hatte Kopfh\u00f6rer auf und habe bereits Pop- &#8230;<\/p>\n","protected":false},"author":2,"featured_media":0,"parent":0,"menu_order":0,"comment_status":"closed","ping_status":"closed","template":"","meta":{"footnotes":""},"class_list":["post-94","page","type-page","status-publish","hentry"],"_links":{"self":[{"href":"https:\/\/noeken.de\/index.php\/wp-json\/wp\/v2\/pages\/94","targetHints":{"allow":["GET"]}}],"collection":[{"href":"https:\/\/noeken.de\/index.php\/wp-json\/wp\/v2\/pages"}],"about":[{"href":"https:\/\/noeken.de\/index.php\/wp-json\/wp\/v2\/types\/page"}],"author":[{"embeddable":true,"href":"https:\/\/noeken.de\/index.php\/wp-json\/wp\/v2\/users\/2"}],"replies":[{"embeddable":true,"href":"https:\/\/noeken.de\/index.php\/wp-json\/wp\/v2\/comments?post=94"}],"version-history":[{"count":1,"href":"https:\/\/noeken.de\/index.php\/wp-json\/wp\/v2\/pages\/94\/revisions"}],"predecessor-version":[{"id":96,"href":"https:\/\/noeken.de\/index.php\/wp-json\/wp\/v2\/pages\/94\/revisions\/96"}],"wp:attachment":[{"href":"https:\/\/noeken.de\/index.php\/wp-json\/wp\/v2\/media?parent=94"}],"curies":[{"name":"wp","href":"https:\/\/api.w.org\/{rel}","templated":true}]}}